{"id":8446,"date":"2019-05-18T03:25:10","date_gmt":"2019-05-18T03:25:10","guid":{"rendered":"http:\/\/ninzio.com\/bauer\/?page_id=8446"},"modified":"2024-02-12T17:53:04","modified_gmt":"2024-02-12T14:53:04","slug":"home-interior-design","status":"publish","type":"page","link":"https:\/\/yataketiketi.com\/","title":{"rendered":"Ana Sayfa"},"content":{"rendered":"<p>[vc_row el_class=&#8221;has-scroll-arrow&#8221;][vc_column][rev_slider_vc alias=&#8221;slider-9&#8243;][\/vc_column][\/vc_row][vc_row el_class=&#8221;has-scroll-arrow&#8221;][vc_column width=&#8221;1\/3&#8243;]<div class=\"bauer-content-box clearfix \" data-padding=\"\" data-mobipadding=\"\" data-margin=\"-220px 0px 0px 0px\" data-mobimargin=\"-150px 0px 0px 0px\" >\r\n\t\t<div class=\"inner ctb-475599093\" style=\"\"  data-background=\"#ffffff\" data-rounded=\"5px\" data-shadow=\" 2px 0px 20px 0px rgba(3,15,39,0.07)\">\r\n\t\t\t<div class=\"bauer-image-box clearfix style-1 text-center\" style=\"\" >\r\n        <div class=\"item\">\r\n            <div class=\"inner\">\r\n                <div class=\"thumb\" style=\"\"><img loading=\"lazy\" decoding=\"async\" width=\"450\" height=\"160\" src=\"https:\/\/yataketiketi.com\/wp-content\/uploads\/2024\/02\/yatak-etiketleri.png\" class=\"attachment-full size-full\" alt=\"\" srcset=\"https:\/\/yataketiketi.com\/wp-content\/uploads\/2024\/02\/yatak-etiketleri.png 450w, https:\/\/yataketiketi.com\/wp-content\/uploads\/2024\/02\/yatak-etiketleri-300x107.png 300w\" sizes=\"auto, (max-width: 450px) 100vw, 450px\" \/> <\/div>\r\n                <div class=\"text-wrap \" style=\" padding:43px 30px 43px 30px;\">\r\n                    <h3 class=\"title\" style=\"font-size:22px;color:#1b1b1b;margin-bottom:15px;\">\r\n            Yatak Etiketleri\r\n        <\/h3>  <div class=\"url-wrap\">\r\n            <a href=\"#\" target=\"_self\" class=\"bauer-links link-style-1\" style=\"color:#7a7c7f;\">\r\n                <span class=\"text\">\u00dcr\u00fcnler<\/span>\r\n            <\/a>\r\n        <\/div>\r\n                <\/div>\r\n                \r\n            <\/div>\r\n        <\/div>\r\n    <\/div>\r\n\t\t<\/div>\r\n\t<\/div>\r\n\t<div class=\"bauer-spacer clearfix\" data-desktop=\"0\" data-mobi=\"230\" data-smobi=\"230\"><\/div>[\/vc_column][vc_column width=&#8221;1\/3&#8243;]<div class=\"bauer-content-box clearfix \" data-padding=\"\" data-mobipadding=\"\" data-margin=\"-220px 0px 0px 0px\" data-mobimargin=\"-150px 0px 0px 0px\" >\r\n\t\t<div class=\"inner ctb-518002994\" style=\"\"  data-background=\"#ffffff\" data-rounded=\"5px\" data-shadow=\" 2px 0px 20px 0px rgba(3,15,39,0.07)\">\r\n\t\t\t<div class=\"bauer-image-box clearfix style-1 text-center\" style=\"\" >\r\n        <div class=\"item\">\r\n            <div class=\"inner\">\r\n                <div class=\"thumb\" style=\"\"><img loading=\"lazy\" decoding=\"async\" width=\"450\" height=\"160\" src=\"https:\/\/yataketiketi.com\/wp-content\/uploads\/2024\/02\/ozel-tasarimlar.png\" class=\"attachment-full size-full\" alt=\"\" srcset=\"https:\/\/yataketiketi.com\/wp-content\/uploads\/2024\/02\/ozel-tasarimlar.png 450w, https:\/\/yataketiketi.com\/wp-content\/uploads\/2024\/02\/ozel-tasarimlar-300x107.png 300w\" sizes=\"auto, (max-width: 450px) 100vw, 450px\" \/> <\/div>\r\n                <div class=\"text-wrap \" style=\" padding:43px 30px 43px 30px;\">\r\n                    <h3 class=\"title\" style=\"font-size:22px;color:#1b1b1b;margin-bottom:15px;\">\r\n            \u00d6zel Tasar\u0131mlar\r\n        <\/h3>  <div class=\"url-wrap\">\r\n            <a href=\"#\" target=\"_self\" class=\"bauer-links link-style-1\" style=\"color:#7a7c7f;\">\r\n                <span class=\"text\">\u00dcr\u00fcnler<\/span>\r\n            <\/a>\r\n        <\/div>\r\n                <\/div>\r\n                \r\n            <\/div>\r\n        <\/div>\r\n    <\/div>\r\n\t\t<\/div>\r\n\t<\/div>\r\n\t<div class=\"bauer-spacer clearfix\" data-desktop=\"0\" data-mobi=\"230\" data-smobi=\"230\"><\/div>[\/vc_column][vc_column width=&#8221;1\/3&#8243;]<div class=\"bauer-content-box clearfix \" data-padding=\"\" data-mobipadding=\"\" data-margin=\"-220px 0px 0px 0px\" data-mobimargin=\"-150px 0px 0px 0px\" >\r\n\t\t<div class=\"inner ctb-270840250\" style=\"\"  data-background=\"#ffffff\" data-rounded=\"5px\" data-shadow=\" 2px 0px 20px 0px rgba(3,15,39,0.07)\">\r\n\t\t\t<div class=\"bauer-image-box clearfix style-1 text-center\" style=\"\" >\r\n        <div class=\"item\">\r\n            <div class=\"inner\">\r\n                <div class=\"thumb\" style=\"\"><img loading=\"lazy\" decoding=\"async\" width=\"450\" height=\"160\" src=\"https:\/\/yataketiketi.com\/wp-content\/uploads\/2024\/02\/yatak-kulplari.png\" class=\"attachment-full size-full\" alt=\"\" srcset=\"https:\/\/yataketiketi.com\/wp-content\/uploads\/2024\/02\/yatak-kulplari.png 450w, https:\/\/yataketiketi.com\/wp-content\/uploads\/2024\/02\/yatak-kulplari-300x107.png 300w\" sizes=\"auto, (max-width: 450px) 100vw, 450px\" \/> <\/div>\r\n                <div class=\"text-wrap \" style=\" padding:43px 30px 43px 30px;\">\r\n                    <h3 class=\"title\" style=\"font-size:22px;color:#1b1b1b;margin-bottom:15px;\">\r\n            Yatak Kulplar\u0131\r\n        <\/h3>  <div class=\"url-wrap\">\r\n            <a href=\"#\" target=\"_self\" class=\"bauer-links link-style-1\" style=\"color:#7a7c7f;\">\r\n                <span class=\"text\">\u00dcr\u00fcnler<\/span>\r\n            <\/a>\r\n        <\/div>\r\n                <\/div>\r\n                \r\n            <\/div>\r\n        <\/div>\r\n    <\/div>\r\n\t\t<\/div>\r\n\t<\/div>[\/vc_column][\/vc_row][vc_row css=&#8221;.vc_custom_1558786935456{background-image: url(http:\/\/ninzio.com\/bauer\/wp-content\/uploads\/2019\/05\/inter-bg-1.png?id=8935) !important;background-position: center !important;background-repeat: no-repeat !important;background-size: cover !important;}&#8221;][vc_column]\r\n\t<div class=\"bauer-spacer clearfix\" data-desktop=\"94\" data-mobi=\"60\" data-smobi=\"60\"><\/div>[vc_row_inner column_inner_spacing=&#8221;65&#8243;][vc_column_inner width=&#8221;1\/2&#8243;]<div class=\"bauer-single-heading clearfix \" style=\"margin-bottom:25px;\"><span class=\"inner\"><span class=\"heading clearfix  accent\" style=\"font-weight:600;font-size:16px;\">\r\n\t\tYatak Etiketine Dair Her\u015fey !\r\n\t<\/span><\/span><\/div><h2 class=\"bauer-text clearfix \" style=\"font-size:42px;line-height:50px;margin-bottom:32px;\"><p><span class=\"font-weight-300\">S\u0131radanl\u0131ktan Uzak<\/span> Yeni Nesil Yatak Etiketleri <span class=\"font-weight-300\">\u00dcr\u00fcnlerinize \u015e\u0131kl\u0131k Katacak ! <\/span> <\/p>\n<\/h2><div class=\"bauer-icon-box clearfix icon-left2 align-left  simple\" style=\"\" ><div class=\"wrap-inner\" style=\"position: relative;\"><div class=\"bauer-icon icon-1740794044 accent custom\"  data-background=\"\">\r\n\t\t\t\t<span class=\"icon\" style=\"font-size:20px;width:28px;height:28px;border-style:solid;line-height:32px;\"><i class=\"elegant-icon_check_alt\"><\/i><\/span>\r\n\t\t\t<\/div> <h3 class=\"heading \" style=\"margin-left:34px;font-weight:400;color:#414042;font-size:18px;line-height:28px;margin-bottom:10px;\">\r\n\t\t\t<span>Yeni Nesil Tasar\u0131mlar<\/span>\r\n\t\t<\/h3><div class=\"desc\" style=\"font-size:14px;line-height:24px;\"><p>\u00dcr\u00fcnleriniz i\u00e7in \u00f6zenle haz\u0131rlad\u0131\u011f\u0131m\u0131z yeni nesil yatak etiketleri ile \u00fcr\u00fcnlerinize ekstra hava katacaks\u0131n\u0131z !<\/p>\n<\/div> <\/div><\/div>\r\n\t<div class=\"bauer-spacer clearfix\" data-desktop=\"34\" data-mobi=\"30\" data-smobi=\"30\"><\/div><div class=\"bauer-icon-box clearfix icon-left2 align-left  simple\" style=\"\" ><div class=\"wrap-inner\" style=\"position: relative;\"><div class=\"bauer-icon icon-902317393 accent custom\"  data-background=\"\">\r\n\t\t\t\t<span class=\"icon\" style=\"font-size:20px;width:28px;height:28px;border-style:solid;line-height:32px;\"><i class=\"elegant-icon_check_alt\"><\/i><\/span>\r\n\t\t\t<\/div> <h3 class=\"heading \" style=\"margin-left:34px;font-weight:400;color:#414042;font-size:18px;line-height:28px;margin-bottom:10px;\">\r\n\t\t\t<span>S\u0131n\u0131rs\u0131z Renk &amp; Desen Se\u00e7enekleri<\/span>\r\n\t\t<\/h3><div class=\"desc\" style=\"font-size:14px;line-height:24px;\"><p>Hayalleriniz kadar geni\u015f se\u00e7eneklerimizle diledi\u011finiz renk ve tasar\u0131mlar\u0131 etiket olarak tasarl\u0131yoruz !<\/p>\n<\/div> <\/div><\/div>\r\n\t<div class=\"bauer-spacer clearfix\" data-desktop=\"34\" data-mobi=\"30\" data-smobi=\"30\"><\/div><div class=\"bauer-icon-box clearfix icon-left2 align-left  simple\" style=\"\" ><div class=\"wrap-inner\" style=\"position: relative;\"><div class=\"bauer-icon icon-2107980032 accent custom\"  data-background=\"\">\r\n\t\t\t\t<span class=\"icon\" style=\"font-size:20px;width:28px;height:28px;border-style:solid;line-height:32px;\"><i class=\"elegant-icon_check_alt\"><\/i><\/span>\r\n\t\t\t<\/div> <h3 class=\"heading \" style=\"margin-left:34px;font-weight:400;color:#414042;font-size:18px;line-height:28px;margin-bottom:10px;\">\r\n\t\t\t<span>Kaliteli ve Estetik<\/span>\r\n\t\t<\/h3><div class=\"desc\" style=\"font-size:14px;line-height:24px;\"><p>T\u00fcm \u00fcr\u00fcnlerimizda kaliteli deri kullan\u0131m\u0131 yapmaktay\u0131z. Estetik \u00fcr\u00fcnlerimiz ile yan\u0131n\u0131zday\u0131z !<\/p>\n<\/div> <\/div><\/div>\r\n\t<div class=\"bauer-spacer clearfix\" data-desktop=\"34\" data-mobi=\"30\" data-smobi=\"30\"><\/div><div class=\"button-wrap icon-right\" style=\"\" ><a href=\"https:\/\/ninzio.com\/bauer\/about-us\/\" target=\"_self\" class=\"bauer-button btn-1883673540 medium no_icon accent\" style=\"border-radius:30px;\"  data-text=\"#ffffff\" data-text-hover=\"#ffffff\" data-background-hover=\"#030f27\" data-border-hover=\"#030f27\">\r\n\t\t<span style=\"\">Devam\u0131 <\/span>\r\n\t<\/a><\/div>\r\n\t<div class=\"bauer-spacer clearfix\" data-desktop=\"0\" data-mobi=\"45\" data-smobi=\"45\"><\/div>[\/vc_column_inner][vc_column_inner width=&#8221;1\/2&#8243;]<div class=\"bauer-simple-image text-center\" style=\"\" >\r\n\t\t\t<img decoding=\"async\" alt=\"image\" src=\"https:\/\/yataketiketi.com\/wp-content\/uploads\/2024\/02\/hakkimizda.png\" \/> <div class=\"bauer-video-icon clearfix white big\" style=\"top:30%;left:38%;transform:translate(-50%,-50%);\"><a class=\"icon-wrap popup-video\" href=\"#\">play<span class=\"circle\"><\/span><\/a><\/div>\r\n\t\t<\/div>[\/vc_column_inner][\/vc_row_inner]\r\n\t<div class=\"bauer-spacer clearfix\" data-desktop=\"100\" data-mobi=\"60\" data-smobi=\"60\"><\/div>[\/vc_column][\/vc_row]<\/p>\n","protected":false},"excerpt":{"rendered":"<p>[vc_row el_class=&#8221;has-scroll-arrow&#8221;][vc_column][rev_slider_vc alias=&#8221;slider-9&#8243;][\/vc_column][\/vc_row][vc_row el_class=&#8221;has-scroll-arrow&#8221;][vc_column width=&#8221;1\/3&#8243;][\/vc_column][vc_column width=&#8221;1\/3&#8243;][\/vc_column][vc_column width=&#8221;1\/3&#8243;][\/vc_column][\/vc_row][vc_row css=&#8221;.vc_custom_1558786935456{background-image: url(http:\/\/ninzio.com\/bauer\/wp-content\/uploads\/2019\/05\/inter-bg-1.png?id=8935) !important;background-position: center !important;background-repeat: no-repeat !important;background-size: cover !important;}&#8221;][vc_column][vc_row_inner column_inner_spacing=&#8221;65&#8243;][vc_column_inner width=&#8221;1\/2&#8243;][\/vc_column_inner][vc_column_inner width=&#8221;1\/2&#8243;][\/vc_column_inner][\/vc_row_inner][\/vc_column][\/vc_row]<\/p>\n","protected":false},"author":1,"featured_media":0,"parent":0,"menu_order":0,"comment_status":"closed","ping_status":"closed","template":"","meta":{"footnotes":""},"class_list":["post-8446","page","type-page","status-publish","hentry"],"_links":{"self":[{"href":"https:\/\/yataketiketi.com\/index.php\/wp-json\/wp\/v2\/pages\/8446","targetHints":{"allow":["GET"]}}],"collection":[{"href":"https:\/\/yataketiketi.com\/index.php\/wp-json\/wp\/v2\/pages"}],"about":[{"href":"https:\/\/yataketiketi.com\/index.php\/wp-json\/wp\/v2\/types\/page"}],"author":[{"embeddable":true,"href":"https:\/\/yataketiketi.com\/index.php\/wp-json\/wp\/v2\/users\/1"}],"replies":[{"embeddable":true,"href":"https:\/\/yataketiketi.com\/index.php\/wp-json\/wp\/v2\/comments?post=8446"}],"version-history":[{"count":9,"href":"https:\/\/yataketiketi.com\/index.php\/wp-json\/wp\/v2\/pages\/8446\/revisions"}],"predecessor-version":[{"id":9299,"href":"https:\/\/yataketiketi.com\/index.php\/wp-json\/wp\/v2\/pages\/8446\/revisions\/9299"}],"wp:attachment":[{"href":"https:\/\/yataketiketi.com\/index.php\/wp-json\/wp\/v2\/media?parent=8446"}],"curies":[{"name":"wp","href":"https:\/\/api.w.org\/{rel}","templated":true}]}}